{"id":1495,"date":"2024-02-27T09:41:38","date_gmt":"2024-02-27T07:41:38","guid":{"rendered":"https:\/\/market-on.ro\/lucrari-recente\/"},"modified":"2024-04-05T09:57:23","modified_gmt":"2024-04-05T06:57:23","slug":"lucrari-recente","status":"publish","type":"page","link":"https:\/\/market-on.ro\/ro\/lucrari-recente\/","title":{"rendered":"Proiecte recente"},"content":{"rendered":"<p><div class=\"fusion-fullwidth fullwidth-box fusion-builder-row-1 nonhundred-percent-fullwidth non-hundred-percent-height-scrolling\" style=\"--awb-background-position:left top;--awb-border-sizes-top:0px;--awb-border-sizes-bottom:0px;--awb-border-sizes-left:0px;--awb-border-sizes-right:0px;--awb-border-radius-top-left:0px;--awb-border-radius-top-right:0px;--awb-border-radius-bottom-right:0px;--awb-border-radius-bottom-left:0px;--awb-padding-top:80px;--awb-padding-bottom:6%;--awb-background-color:#1c2028;--awb-flex-wrap:wrap;\" ><div class=\"fusion-builder-row fusion-row\"><div class=\"fusion-layout-column fusion_builder_column fusion-builder-column-0 fusion_builder_column_1_1 1_1 fusion-one-full fusion-column-first fusion-column-last fusion-column-no-min-height\" style=\"--awb-bg-size:cover;--awb-margin-top:50px;--awb-margin-bottom:50px;\"><div class=\"fusion-column-wrapper fusion-flex-column-wrapper-legacy\"><div class=\"fusion-text fusion-text-1\"><h2 style=\"text-align: center;\">Ai \u00eencredere \u00een experien\u021ba noastr\u0103<\/h2>\n<\/div><div class=\"fusion-text fusion-text-2\"><h6 style=\"text-align: center; color: #fff;\">O SELEC\u021aIE DE PROIECTE RECENTE<\/h6>\n<\/div><div class=\"fusion-sep-clear\"><\/div><div class=\"fusion-separator\" style=\"margin-left: auto;margin-right: auto;margin-top:0px;margin-bottom:30px;width:100%;max-width:130px;\"><div class=\"fusion-separator-border sep-single sep-solid\" style=\"--awb-height:20px;--awb-amount:20px;--awb-sep-color:#ffffff;border-color:#ffffff;border-top-width:1px;\"><\/div><\/div><div class=\"fusion-sep-clear\"><\/div><div class=\"fusion-fa-align-center\"><i class=\"fb-icon-element-1 fb-icon-element fontawesome-icon fa-heart far circle-no fusion-animated\" style=\"--awb-iconcolor:#ffffff;--awb-iconcolor-hover:#ffffff;--awb-font-size:60px;\" data-animationType=\"slideInUp\" data-animationDuration=\"0.9\" data-animationOffset=\"top-into-view\"><\/i><\/div><div class=\"fusion-clearfix\"><\/div><\/div><\/div><\/div><\/div><div class=\"fusion-fullwidth fullwidth-box fusion-builder-row-2 hundred-percent-fullwidth non-hundred-percent-height-scrolling\" style=\"--awb-background-position:left top;--awb-border-sizes-top:0px;--awb-border-sizes-bottom:0px;--awb-border-sizes-left:0px;--awb-border-sizes-right:0px;--awb-border-radius-top-left:0px;--awb-border-radius-top-right:0px;--awb-border-radius-bottom-right:0px;--awb-border-radius-bottom-left:0px;--awb-padding-top:0px;--awb-padding-right:0px;--awb-padding-bottom:0px;--awb-padding-left:0px;--awb-margin-bottom:-81px;--awb-flex-wrap:wrap;\" ><div class=\"fusion-builder-row fusion-row\"><div class=\"fusion-layout-column fusion_builder_column fusion-builder-column-1 fusion_builder_column_1_1 1_1 fusion-one-full fusion-column-first fusion-column-last fusion-column-no-min-height\" style=\"--awb-bg-size:cover;\"><div class=\"fusion-column-wrapper fusion-flex-column-wrapper-legacy\"><div class=\"fusion-recent-works fusion-portfolio-element fusion-portfolio fusion-portfolio-1 fusion-portfolio-grid fusion-portfolio-paging-load-more-button fusion-portfolio-two fusion-portfolio-no_text fusion-portfolio-rollover\" data-id=\"-rw-1\" data-columns=\"two\"><style type=\"text\/css\">.fusion-portfolio-1 .fusion-portfolio-wrapper .fusion-col-spacing{padding:0px;}<\/style><div class=\"fusion-portfolio-wrapper\" id=\"fusion-portfolio-1\" data-picturesize=\"auto\" data-pages=\"1\" style=\"margin:-0px;\"><article id=\"portfolio-1-post-1555\" class=\"fusion-portfolio-post design-ro dezvoltare-web fusion-col-spacing post-1555\"><div class=\"fusion-portfolio-content-wrapper\" style=\"border:none;\"><span class=\"entry-title rich-snippet-hidden\">CERAMICA UNIMAT<\/span><span class=\"vcard rich-snippet-hidden\"><span class=\"fn\"><a href=\"https:\/\/market-on.ro\/ro\/author\/mrketondmin\/\" title=\"Articole de m@rketon@dmin\" rel=\"author\">m@rketon@dmin<\/a><\/span><\/span><span class=\"updated rich-snippet-hidden\">2024-04-04T22:16:50+03:00<\/span><div  class=\"fusion-image-wrapper\" aria-haspopup=\"true\">\n\t\t\t\t<img decoding=\"async\" width=\"1600\" height=\"1280\" src=\"https:\/\/market-on.ro\/wp-content\/uploads\/2024\/03\/unimat_portfolio.jpg\" class=\"attachment-full size-full wp-post-image\" alt=\"\" srcset=\"https:\/\/market-on.ro\/wp-content\/uploads\/2024\/03\/unimat_portfolio-200x160.jpg 200w, https:\/\/market-on.ro\/wp-content\/uploads\/2024\/03\/unimat_portfolio-400x320.jpg 400w, https:\/\/market-on.ro\/wp-content\/uploads\/2024\/03\/unimat_portfolio-600x480.jpg 600w, https:\/\/market-on.ro\/wp-content\/uploads\/2024\/03\/unimat_portfolio-800x640.jpg 800w, https:\/\/market-on.ro\/wp-content\/uploads\/2024\/03\/unimat_portfolio-1200x960.jpg 1200w, https:\/\/market-on.ro\/wp-content\/uploads\/2024\/03\/unimat_portfolio.jpg 1600w\" sizes=\"(min-width: 2200px) 100vw, (min-width: 732px) 585px, (min-width: 640px) 732px, \" \/><div class=\"fusion-rollover\">\n\t<div class=\"fusion-rollover-content\">\n\n\t\t\t\t\n\t\t\n\t\t\t\t\t\t\t\t\t\t\t\t<h4 class=\"fusion-rollover-title\">\n\t\t\t\t\t<a class=\"fusion-rollover-title-link\" href=\"https:\/\/market-on.ro\/ro\/portfolio-items\/ceramica-unimat\/\">\n\t\t\t\t\t\tCERAMICA UNIMAT\t\t\t\t\t<\/a>\n\t\t\t\t<\/h4>\n\t\t\t\n\t\t\t\t\t\t\t\t\n\t\t\n\t\t\t\t\t\t<a class=\"fusion-link-wrapper\" href=\"https:\/\/market-on.ro\/ro\/portfolio-items\/ceramica-unimat\/\" aria-label=\"CERAMICA UNIMAT\"><\/a>\n\t<\/div>\n<\/div>\n<\/div>\n<\/div><\/article><article id=\"portfolio-1-post-1558\" class=\"fusion-portfolio-post design-ro dezvoltare-web marketing-ro fusion-col-spacing post-1558\"><div class=\"fusion-portfolio-content-wrapper\" style=\"border:none;\"><span class=\"entry-title rich-snippet-hidden\">MELOR<\/span><span class=\"vcard rich-snippet-hidden\"><span class=\"fn\"><a href=\"https:\/\/market-on.ro\/ro\/author\/mrketondmin\/\" title=\"Articole de m@rketon@dmin\" rel=\"author\">m@rketon@dmin<\/a><\/span><\/span><span class=\"updated rich-snippet-hidden\">2024-04-04T22:05:20+03:00<\/span><div  class=\"fusion-image-wrapper\" aria-haspopup=\"true\">\n\t\t\t\t<img decoding=\"async\" width=\"1600\" height=\"1280\" src=\"https:\/\/market-on.ro\/wp-content\/uploads\/2024\/03\/melor_portfolio.jpg\" class=\"attachment-full size-full wp-post-image\" alt=\"\" srcset=\"https:\/\/market-on.ro\/wp-content\/uploads\/2024\/03\/melor_portfolio-200x160.jpg 200w, https:\/\/market-on.ro\/wp-content\/uploads\/2024\/03\/melor_portfolio-400x320.jpg 400w, https:\/\/market-on.ro\/wp-content\/uploads\/2024\/03\/melor_portfolio-600x480.jpg 600w, https:\/\/market-on.ro\/wp-content\/uploads\/2024\/03\/melor_portfolio-800x640.jpg 800w, https:\/\/market-on.ro\/wp-content\/uploads\/2024\/03\/melor_portfolio-1200x960.jpg 1200w, https:\/\/market-on.ro\/wp-content\/uploads\/2024\/03\/melor_portfolio.jpg 1600w\" sizes=\"(min-width: 2200px) 100vw, (min-width: 732px) 585px, (min-width: 640px) 732px, \" \/><div class=\"fusion-rollover\">\n\t<div class=\"fusion-rollover-content\">\n\n\t\t\t\t\n\t\t\n\t\t\t\t\t\t\t\t\t\t\t\t<h4 class=\"fusion-rollover-title\">\n\t\t\t\t\t<a class=\"fusion-rollover-title-link\" href=\"https:\/\/market-on.ro\/ro\/portfolio-items\/melor\/\">\n\t\t\t\t\t\tMELOR\t\t\t\t\t<\/a>\n\t\t\t\t<\/h4>\n\t\t\t\n\t\t\t\t\t\t\t\t\n\t\t\n\t\t\t\t\t\t<a class=\"fusion-link-wrapper\" href=\"https:\/\/market-on.ro\/ro\/portfolio-items\/melor\/\" aria-label=\"MELOR\"><\/a>\n\t<\/div>\n<\/div>\n<\/div>\n<\/div><\/article><article id=\"portfolio-1-post-1551\" class=\"fusion-portfolio-post design-ro dezvoltare-web fusion-col-spacing post-1551\"><div class=\"fusion-portfolio-content-wrapper\" style=\"border:none;\"><span class=\"entry-title rich-snippet-hidden\">24 BEAUTY<\/span><span class=\"vcard rich-snippet-hidden\"><span class=\"fn\"><a href=\"https:\/\/market-on.ro\/ro\/author\/mrketondmin\/\" title=\"Articole de m@rketon@dmin\" rel=\"author\">m@rketon@dmin<\/a><\/span><\/span><span class=\"updated rich-snippet-hidden\">2024-04-04T22:14:13+03:00<\/span><div  class=\"fusion-image-wrapper\" aria-haspopup=\"true\">\n\t\t\t\t<img decoding=\"async\" width=\"1600\" height=\"1280\" src=\"https:\/\/market-on.ro\/wp-content\/uploads\/2024\/03\/24beauty_portfolio2.jpg\" class=\"attachment-full size-full wp-post-image\" alt=\"\" srcset=\"https:\/\/market-on.ro\/wp-content\/uploads\/2024\/03\/24beauty_portfolio2-200x160.jpg 200w, https:\/\/market-on.ro\/wp-content\/uploads\/2024\/03\/24beauty_portfolio2-400x320.jpg 400w, https:\/\/market-on.ro\/wp-content\/uploads\/2024\/03\/24beauty_portfolio2-600x480.jpg 600w, https:\/\/market-on.ro\/wp-content\/uploads\/2024\/03\/24beauty_portfolio2-800x640.jpg 800w, https:\/\/market-on.ro\/wp-content\/uploads\/2024\/03\/24beauty_portfolio2-1200x960.jpg 1200w, https:\/\/market-on.ro\/wp-content\/uploads\/2024\/03\/24beauty_portfolio2.jpg 1600w\" sizes=\"(min-width: 2200px) 100vw, (min-width: 732px) 585px, (min-width: 640px) 732px, \" \/><div class=\"fusion-rollover\">\n\t<div class=\"fusion-rollover-content\">\n\n\t\t\t\t\n\t\t\n\t\t\t\t\t\t\t\t\t\t\t\t<h4 class=\"fusion-rollover-title\">\n\t\t\t\t\t<a class=\"fusion-rollover-title-link\" href=\"https:\/\/market-on.ro\/ro\/portfolio-items\/24-beauty\/\">\n\t\t\t\t\t\t24 BEAUTY\t\t\t\t\t<\/a>\n\t\t\t\t<\/h4>\n\t\t\t\n\t\t\t\t\t\t\t\t\n\t\t\n\t\t\t\t\t\t<a class=\"fusion-link-wrapper\" href=\"https:\/\/market-on.ro\/ro\/portfolio-items\/24-beauty\/\" aria-label=\"24 BEAUTY\"><\/a>\n\t<\/div>\n<\/div>\n<\/div>\n<\/div><\/article><article id=\"portfolio-1-post-1556\" class=\"fusion-portfolio-post design-ro dezvoltare-web fusion-col-spacing post-1556\"><div class=\"fusion-portfolio-content-wrapper\" style=\"border:none;\"><span class=\"entry-title rich-snippet-hidden\">STAKING AGENCY<\/span><span class=\"vcard rich-snippet-hidden\"><span class=\"fn\"><a href=\"https:\/\/market-on.ro\/ro\/author\/mrketondmin\/\" title=\"Articole de m@rketon@dmin\" rel=\"author\">m@rketon@dmin<\/a><\/span><\/span><span class=\"updated rich-snippet-hidden\">2024-04-04T22:10:25+03:00<\/span><div  class=\"fusion-image-wrapper\" aria-haspopup=\"true\">\n\t\t\t\t<img decoding=\"async\" width=\"1600\" height=\"1280\" src=\"https:\/\/market-on.ro\/wp-content\/uploads\/2024\/03\/mkt_portfolio_staking.jpg\" class=\"attachment-full size-full wp-post-image\" alt=\"\" srcset=\"https:\/\/market-on.ro\/wp-content\/uploads\/2024\/03\/mkt_portfolio_staking-200x160.jpg 200w, https:\/\/market-on.ro\/wp-content\/uploads\/2024\/03\/mkt_portfolio_staking-400x320.jpg 400w, https:\/\/market-on.ro\/wp-content\/uploads\/2024\/03\/mkt_portfolio_staking-600x480.jpg 600w, https:\/\/market-on.ro\/wp-content\/uploads\/2024\/03\/mkt_portfolio_staking-800x640.jpg 800w, https:\/\/market-on.ro\/wp-content\/uploads\/2024\/03\/mkt_portfolio_staking-1200x960.jpg 1200w, https:\/\/market-on.ro\/wp-content\/uploads\/2024\/03\/mkt_portfolio_staking.jpg 1600w\" sizes=\"(min-width: 2200px) 100vw, (min-width: 732px) 585px, (min-width: 640px) 732px, \" \/><div class=\"fusion-rollover\">\n\t<div class=\"fusion-rollover-content\">\n\n\t\t\t\t\n\t\t\n\t\t\t\t\t\t\t\t\t\t\t\t<h4 class=\"fusion-rollover-title\">\n\t\t\t\t\t<a class=\"fusion-rollover-title-link\" href=\"https:\/\/market-on.ro\/ro\/portfolio-items\/agentia-de-stabilire\/\">\n\t\t\t\t\t\tSTAKING AGENCY\t\t\t\t\t<\/a>\n\t\t\t\t<\/h4>\n\t\t\t\n\t\t\t\t\t\t\t\t\n\t\t\n\t\t\t\t\t\t<a class=\"fusion-link-wrapper\" href=\"https:\/\/market-on.ro\/ro\/portfolio-items\/agentia-de-stabilire\/\" aria-label=\"STAKING AGENCY\"><\/a>\n\t<\/div>\n<\/div>\n<\/div>\n<\/div><\/article><\/div><\/div><div class=\"fusion-clearfix\"><\/div><\/div><\/div><\/div><\/div><div class=\"fusion-fullwidth fullwidth-box fusion-builder-row-3 nonhundred-percent-fullwidth non-hundred-percent-height-scrolling\" style=\"--awb-border-sizes-top:0px;--awb-border-sizes-bottom:0px;--awb-border-sizes-left:0px;--awb-border-sizes-right:0px;--awb-border-radius-top-left:0px;--awb-border-radius-top-right:0px;--awb-border-radius-bottom-right:0px;--awb-border-radius-bottom-left:0px;--awb-padding-top:4%;--awb-padding-bottom:0px;--awb-background-color:#1c2028;--awb-flex-wrap:wrap;\" ><div class=\"fusion-builder-row fusion-row\"><div class=\"fusion-layout-column fusion_builder_column fusion-builder-column-2 fusion_builder_column_1_1 1_1 fusion-one-full fusion-column-first fusion-column-last fusion-column-no-min-height\" style=\"--awb-bg-size:cover;--awb-margin-top:9%;--awb-margin-bottom:25px;\"><div class=\"fusion-column-wrapper fusion-flex-column-wrapper-legacy\"><div class=\"fusion-text fusion-text-3\"><h5 style=\"text-align: center; letter-spacing: 4px;\">CLIEN\u021aI<\/h5>\n<\/div><div class=\"fusion-sep-clear\"><\/div><div class=\"fusion-separator fusion-full-width-sep\" style=\"margin-left: auto;margin-right: auto;margin-top:10px;width:100%;\"><\/div><div class=\"fusion-sep-clear\"><\/div><div class=\"fusion-image-carousel fusion-image-carousel-auto fusion-image-carousel-1\"><div class=\"awb-carousel awb-swiper awb-swiper-carousel\" data-autoplay=\"no\" data-columns=\"6\" data-itemmargin=\"25\" data-itemwidth=\"180\" data-touchscroll=\"yes\" data-imagesize=\"auto\" data-scrollitems=\"1\" style=\"--awb-columns:6;--awb-column-spacing:25px;\"><div class=\"swiper-wrapper awb-image-carousel-wrapper fusion-flex-align-items-center\"><div class=\"swiper-slide\"><div class=\"fusion-carousel-item-wrapper\"><div class=\"fusion-image-wrapper hover-type-none\"><img decoding=\"async\" src=\"https:\/\/marketonagency.com\/wp-content\/uploads\/2020\/05\/melor.png\" alt=\"\"\/><\/div><\/div><\/div><div class=\"swiper-slide\"><div class=\"fusion-carousel-item-wrapper\"><div class=\"fusion-image-wrapper hover-type-none\"><img decoding=\"async\" src=\"https:\/\/marketonagency.com\/wp-content\/uploads\/2020\/05\/unimat.png\" alt=\"\"\/><\/div><\/div><\/div><div class=\"swiper-slide\"><div class=\"fusion-carousel-item-wrapper\"><div class=\"fusion-image-wrapper hover-type-none\"><img decoding=\"async\" src=\"https:\/\/marketonagency.com\/wp-content\/uploads\/2020\/05\/TCS.png\" alt=\"\"\/><\/div><\/div><\/div><div class=\"swiper-slide\"><div class=\"fusion-carousel-item-wrapper\"><div class=\"fusion-image-wrapper hover-type-none\"><img decoding=\"async\" src=\"https:\/\/marketonagency.com\/wp-content\/uploads\/2020\/05\/beauty.png\" alt=\"\"\/><\/div><\/div><\/div><div class=\"swiper-slide\"><div class=\"fusion-carousel-item-wrapper\"><div class=\"fusion-image-wrapper hover-type-none\"><img decoding=\"async\" src=\"https:\/\/marketonagency.com\/wp-content\/uploads\/2020\/05\/humai.png\" alt=\"\"\/><\/div><\/div><\/div><div class=\"swiper-slide\"><div class=\"fusion-carousel-item-wrapper\"><div class=\"fusion-image-wrapper hover-type-none\"><img decoding=\"async\" src=\"https:\/\/marketonagency.com\/wp-content\/uploads\/2020\/05\/surveyanyplace.png\" alt=\"\"\/><\/div><\/div><\/div><\/div><\/div><\/div><div class=\"fusion-clearfix\"><\/div><\/div><\/div><\/div><\/div><div class=\"fusion-fullwidth fullwidth-box fusion-builder-row-4 nonhundred-percent-fullwidth non-hundred-percent-height-scrolling\" style=\"--awb-background-position:left top;--awb-border-sizes-top:0px;--awb-border-sizes-bottom:0px;--awb-border-sizes-left:0px;--awb-border-sizes-right:0px;--awb-border-radius-top-left:0px;--awb-border-radius-top-right:0px;--awb-border-radius-bottom-right:0px;--awb-border-radius-bottom-left:0px;--awb-padding-top:5%;--awb-padding-bottom:5%;--awb-background-color:#ebeced;--awb-flex-wrap:wrap;\" ><div class=\"fusion-builder-row fusion-row\"><div class=\"fusion-layout-column fusion_builder_column fusion-builder-column-3 fusion_builder_column_1_6 1_6 fusion-one-sixth fusion-column-first fusion-no-small-visibility\" style=\"--awb-bg-size:cover;width:13.3333%; margin-right: 4%;\"><div class=\"fusion-column-wrapper fusion-flex-column-wrapper-legacy\"><div class=\"fusion-clearfix\"><\/div><\/div><\/div><div class=\"fusion-layout-column fusion_builder_column fusion-builder-column-4 fusion_builder_column_2_3 2_3 fusion-two-third\" style=\"--awb-bg-size:cover;--awb-margin-top:70px;--awb-margin-bottom:75px;width:65.3333%; margin-right: 4%;\"><div class=\"fusion-column-wrapper fusion-flex-column-wrapper-legacy\"><div class=\"fusion-text fusion-text-4\"><h2 style=\"text-align: center; color: #1d2028;\">Hai s\u0103 lucr\u0103m \u00eempreun\u0103<\/h2>\n<\/div><div class=\"fusion-text fusion-text-5\"><h6 style=\"text-align: center;\">SPUNE-NE MAI MULTE DESPRE PROIECTUL T\u0102U<\/h6>\n<\/div><div class=\"fusion-sep-clear\"><\/div><div class=\"fusion-separator\" style=\"margin-left: auto;margin-right: auto;margin-top:0px;margin-bottom:50px;width:100%;max-width:130px;\"><div class=\"fusion-separator-border sep-single sep-solid\" style=\"--awb-height:20px;--awb-amount:20px;--awb-sep-color:#b9bfcc;border-color:#b9bfcc;border-top-width:1px;\"><\/div><\/div><div class=\"fusion-sep-clear\"><\/div><div class=\"fusion-text fusion-text-6\"><p style=\"text-align: center; color: #555c6e;\">Suntem \u00eentotdeauna deschi\u0219i la idei noi. Doar trimite-ne datele tale de contact folosind formularul de mai jos sau, dac\u0103 ai deja un rezumat al proiectului t\u0103u, trimite-l direct la <a href=\"mailto:tibor@market-on.ro\">tibor@market-on.ro<\/a>.<\/p>\n<\/div><div class=\"fusion-sep-clear\"><\/div><div class=\"fusion-separator fusion-full-width-sep\" style=\"margin-left: auto;margin-right: auto;margin-top:20px;width:100%;\"><\/div><div class=\"fusion-sep-clear\"><\/div><div class=\"fusion-aligncenter\"><a class=\"fusion-button button-flat button-xlarge button-custom fusion-button-default button-1 fusion-button-span-no fusion-button-default-type\" style=\"--button_accent_color:#ffffff;--button_accent_hover_color:#bc1245;--button_border_hover_color:#bc1245;--button_gradient_top_color:#bc1245;--button_gradient_bottom_color:#bc1245;--button_gradient_top_color_hover:#ffffff;--button_gradient_bottom_color_hover:#ffffff;\" target=\"_self\" href=\"https:\/\/market-on.ro\/ro\/#contact\"><span class=\"fusion-button-text\">HAI S\u0102 VORBIM<\/span><\/a><\/div><div class=\"fusion-clearfix\"><\/div><\/div><\/div><div class=\"fusion-layout-column fusion_builder_column fusion-builder-column-5 fusion_builder_column_1_6 1_6 fusion-one-sixth fusion-column-last fusion-no-small-visibility\" style=\"--awb-bg-size:cover;width:13.3333%;\"><div class=\"fusion-column-wrapper fusion-flex-column-wrapper-legacy\"><div class=\"fusion-clearfix\"><\/div><\/div><\/div><\/div><\/div><\/p>\n","protected":false},"excerpt":{"rendered":"","protected":false},"author":1,"featured_media":0,"parent":0,"menu_order":0,"comment_status":"closed","ping_status":"closed","template":"100-width.php","meta":{"footnotes":""},"class_list":["post-1495","page","type-page","status-publish","hentry"],"yoast_head":"<!-- This site is optimized with the Yoast SEO plugin v22.4 - https:\/\/yoast.com\/wordpress\/plugins\/seo\/ -->\n<title>MARKETON - Proiecte recente - Digital Marketing<\/title>\n<meta name=\"description\" content=\"MARKETON selec\u021bie de proiecte recente. Suntem furnizorul dumneavoastr\u0103 de \u00eencredere \u00een marketing digital, cu o experien\u021b\u0103 vast\u0103 pe pia\u021b\u0103.\" \/>\n<meta name=\"robots\" content=\"index, follow, max-snippet:-1, max-image-preview:large, max-video-preview:-1\" \/>\n<link rel=\"canonical\" href=\"https:\/\/market-on.ro\/ro\/lucrari-recente\/\" \/>\n<meta property=\"og:locale\" content=\"ro_RO\" \/>\n<meta property=\"og:type\" content=\"article\" \/>\n<meta property=\"og:title\" content=\"MARKETON - Marketing digital, Dezvoltare site web, WordPress, PPC\" \/>\n<meta property=\"og:description\" content=\"MARKETON selec\u021bie de proiecte recente. Suntem furnizorul dumneavoastr\u0103 de \u00eencredere \u00een marketing digital, cu o experien\u021b\u0103 vast\u0103 pe pia\u021b\u0103.\" \/>\n<meta property=\"og:url\" content=\"https:\/\/market-on.ro\/ro\/lucrari-recente\/\" \/>\n<meta property=\"og:site_name\" content=\"MARKETON\" \/>\n<meta property=\"article:modified_time\" content=\"2024-04-05T06:57:23+00:00\" \/>\n<meta property=\"og:image\" content=\"https:\/\/marketonagency.com\/wp-content\/uploads\/2020\/05\/marketon_facebook.jpg\" \/>\n<meta name=\"twitter:card\" content=\"summary_large_image\" \/>\n<meta name=\"twitter:title\" content=\"MARKETON - Marketing digital, Dezvoltare site web, WordPress, PPC\" \/>\n<meta name=\"twitter:description\" content=\"MARKETON selec\u021bie de proiecte recente. Suntem furnizorul dumneavoastr\u0103 de \u00eencredere \u00een marketing digital, cu o experien\u021b\u0103 vast\u0103 pe pia\u021b\u0103.\" \/>\n<meta name=\"twitter:image\" content=\"https:\/\/marketonagency.com\/wp-content\/uploads\/2020\/05\/marketon_facebook.jpg\" \/>\n<meta name=\"twitter:label1\" content=\"Timp estimat pentru citire\" \/>\n\t<meta name=\"twitter:data1\" content=\"3 minute\" \/>\n<script type=\"application\/ld+json\" class=\"yoast-schema-graph\">{\"@context\":\"https:\/\/schema.org\",\"@graph\":[{\"@type\":\"WebPage\",\"@id\":\"https:\/\/market-on.ro\/ro\/lucrari-recente\/\",\"url\":\"https:\/\/market-on.ro\/ro\/lucrari-recente\/\",\"name\":\"MARKETON - Proiecte recente - Digital Marketing\",\"isPartOf\":{\"@id\":\"https:\/\/market-on.ro\/ro\/#website\"},\"datePublished\":\"2024-02-27T07:41:38+00:00\",\"dateModified\":\"2024-04-05T06:57:23+00:00\",\"description\":\"MARKETON selec\u021bie de proiecte recente. Suntem furnizorul dumneavoastr\u0103 de \u00eencredere \u00een marketing digital, cu o experien\u021b\u0103 vast\u0103 pe pia\u021b\u0103.\",\"breadcrumb\":{\"@id\":\"https:\/\/market-on.ro\/ro\/lucrari-recente\/#breadcrumb\"},\"inLanguage\":\"ro-RO\",\"potentialAction\":[{\"@type\":\"ReadAction\",\"target\":[\"https:\/\/market-on.ro\/ro\/lucrari-recente\/\"]}]},{\"@type\":\"BreadcrumbList\",\"@id\":\"https:\/\/market-on.ro\/ro\/lucrari-recente\/#breadcrumb\",\"itemListElement\":[{\"@type\":\"ListItem\",\"position\":1,\"name\":\"Prima pagin\u0103\",\"item\":\"https:\/\/market-on.ro\/ro\/acasa\/\"},{\"@type\":\"ListItem\",\"position\":2,\"name\":\"Proiecte recente\"}]},{\"@type\":\"WebSite\",\"@id\":\"https:\/\/market-on.ro\/ro\/#website\",\"url\":\"https:\/\/market-on.ro\/ro\/\",\"name\":\"MARKETON\",\"description\":\"Digital Marketing, PPC, Dezvoltare Web, Design Grafic, SEO\",\"potentialAction\":[{\"@type\":\"SearchAction\",\"target\":{\"@type\":\"EntryPoint\",\"urlTemplate\":\"https:\/\/market-on.ro\/ro\/?s={search_term_string}\"},\"query-input\":\"required name=search_term_string\"}],\"inLanguage\":\"ro-RO\"}]}<\/script>\n<!-- \/ Yoast SEO plugin. -->","yoast_head_json":{"title":"MARKETON - Proiecte recente - Digital Marketing","description":"MARKETON selec\u021bie de proiecte recente. Suntem furnizorul dumneavoastr\u0103 de \u00eencredere \u00een marketing digital, cu o experien\u021b\u0103 vast\u0103 pe pia\u021b\u0103.","robots":{"index":"index","follow":"follow","max-snippet":"max-snippet:-1","max-image-preview":"max-image-preview:large","max-video-preview":"max-video-preview:-1"},"canonical":"https:\/\/market-on.ro\/ro\/lucrari-recente\/","og_locale":"ro_RO","og_type":"article","og_title":"MARKETON - Marketing digital, Dezvoltare site web, WordPress, PPC","og_description":"MARKETON selec\u021bie de proiecte recente. Suntem furnizorul dumneavoastr\u0103 de \u00eencredere \u00een marketing digital, cu o experien\u021b\u0103 vast\u0103 pe pia\u021b\u0103.","og_url":"https:\/\/market-on.ro\/ro\/lucrari-recente\/","og_site_name":"MARKETON","article_modified_time":"2024-04-05T06:57:23+00:00","og_image":[{"url":"https:\/\/marketonagency.com\/wp-content\/uploads\/2020\/05\/marketon_facebook.jpg"}],"twitter_card":"summary_large_image","twitter_title":"MARKETON - Marketing digital, Dezvoltare site web, WordPress, PPC","twitter_description":"MARKETON selec\u021bie de proiecte recente. Suntem furnizorul dumneavoastr\u0103 de \u00eencredere \u00een marketing digital, cu o experien\u021b\u0103 vast\u0103 pe pia\u021b\u0103.","twitter_image":"https:\/\/marketonagency.com\/wp-content\/uploads\/2020\/05\/marketon_facebook.jpg","twitter_misc":{"Timp estimat pentru citire":"3 minute"},"schema":{"@context":"https:\/\/schema.org","@graph":[{"@type":"WebPage","@id":"https:\/\/market-on.ro\/ro\/lucrari-recente\/","url":"https:\/\/market-on.ro\/ro\/lucrari-recente\/","name":"MARKETON - Proiecte recente - Digital Marketing","isPartOf":{"@id":"https:\/\/market-on.ro\/ro\/#website"},"datePublished":"2024-02-27T07:41:38+00:00","dateModified":"2024-04-05T06:57:23+00:00","description":"MARKETON selec\u021bie de proiecte recente. Suntem furnizorul dumneavoastr\u0103 de \u00eencredere \u00een marketing digital, cu o experien\u021b\u0103 vast\u0103 pe pia\u021b\u0103.","breadcrumb":{"@id":"https:\/\/market-on.ro\/ro\/lucrari-recente\/#breadcrumb"},"inLanguage":"ro-RO","potentialAction":[{"@type":"ReadAction","target":["https:\/\/market-on.ro\/ro\/lucrari-recente\/"]}]},{"@type":"BreadcrumbList","@id":"https:\/\/market-on.ro\/ro\/lucrari-recente\/#breadcrumb","itemListElement":[{"@type":"ListItem","position":1,"name":"Prima pagin\u0103","item":"https:\/\/market-on.ro\/ro\/acasa\/"},{"@type":"ListItem","position":2,"name":"Proiecte recente"}]},{"@type":"WebSite","@id":"https:\/\/market-on.ro\/ro\/#website","url":"https:\/\/market-on.ro\/ro\/","name":"MARKETON","description":"Digital Marketing, PPC, Dezvoltare Web, Design Grafic, SEO","potentialAction":[{"@type":"SearchAction","target":{"@type":"EntryPoint","urlTemplate":"https:\/\/market-on.ro\/ro\/?s={search_term_string}"},"query-input":"required name=search_term_string"}],"inLanguage":"ro-RO"}]}},"_links":{"self":[{"href":"https:\/\/market-on.ro\/ro\/wp-json\/wp\/v2\/pages\/1495","targetHints":{"allow":["GET"]}}],"collection":[{"href":"https:\/\/market-on.ro\/ro\/wp-json\/wp\/v2\/pages"}],"about":[{"href":"https:\/\/market-on.ro\/ro\/wp-json\/wp\/v2\/types\/page"}],"author":[{"embeddable":true,"href":"https:\/\/market-on.ro\/ro\/wp-json\/wp\/v2\/users\/1"}],"replies":[{"embeddable":true,"href":"https:\/\/market-on.ro\/ro\/wp-json\/wp\/v2\/comments?post=1495"}],"version-history":[{"count":14,"href":"https:\/\/market-on.ro\/ro\/wp-json\/wp\/v2\/pages\/1495\/revisions"}],"predecessor-version":[{"id":1665,"href":"https:\/\/market-on.ro\/ro\/wp-json\/wp\/v2\/pages\/1495\/revisions\/1665"}],"wp:attachment":[{"href":"https:\/\/market-on.ro\/ro\/wp-json\/wp\/v2\/media?parent=1495"}],"curies":[{"name":"wp","href":"https:\/\/api.w.org\/{rel}","templated":true}]}}